{"id":415,"date":"2025-06-11T01:30:33","date_gmt":"2025-06-11T01:30:33","guid":{"rendered":"https:\/\/ulinkcarddev.wpengine.com\/ulink-card-app\/"},"modified":"2025-12-15T23:07:52","modified_gmt":"2025-12-15T23:07:52","slug":"ulink-card-app","status":"publish","type":"page","link":"https:\/\/ulinkcard.com\/es\/ulink-card-app\/","title":{"rendered":"uLink card app"},"content":{"rendered":"\t\t<div data-elementor-type=\"wp-page\" data-elementor-id=\"415\" class=\"elementor elementor-415 elementor-129\" data-elementor-post-type=\"page\">\n\t\t\t\t<div class=\"elementor-element elementor-element-5a0a55f e-flex e-con-boxed e-con e-parent\" data-id=\"5a0a55f\" data-element_type=\"container\" data-settings=\"{&quot;jet_parallax_layout_list&quot;:[]}\">\n\t\t\t\t\t<div class=\"e-con-inner\">\n\t\t<div class=\"elementor-element elementor-element-8f8f8c9 e-con-full e-flex e-con e-child\" data-id=\"8f8f8c9\" data-element_type=\"container\" data-settings=\"{&quot;jet_parallax_layout_list&quot;:[]}\">\n\t\t\t\t<div class=\"elementor-element elementor-element-55db118 elementor-widget elementor-widget-heading\" data-id=\"55db118\" data-element_type=\"widget\" data-widget_type=\"heading.default\">\n\t\t\t\t<div class=\"elementor-widget-container\">\n\t\t\t\t\t<h2 class=\"elementor-heading-title elementor-size-default\">Descarga la <br>uLink SuperApp <br>para:<\/h2>\t\t\t\t<\/div>\n\t\t\t\t<\/div>\n\t\t\t\t<div class=\"elementor-element elementor-element-bfe45fa elementor-widget elementor-widget-text-editor\" data-id=\"bfe45fa\" data-element_type=\"widget\" data-widget_type=\"text-editor.default\">\n\t\t\t\t<div class=\"elementor-widget-container\">\n\t\t\t\t\t\t\t\t\t<p>\u2022 Administra tu uLink Card<\/p><p>\u2022 Agrega fondos<\/p><p>\u2022 Consulta tu historial de transacciones<\/p><p>\u2022 Ahorra en env\u00edos de dinero<\/p><p>&#8230;y mucho m\u00e1s<\/p>\t\t\t\t\t\t\t\t<\/div>\n\t\t\t\t<\/div>\n\t\t<div class=\"elementor-element elementor-element-6d5df59 e-con-full e-flex e-con e-child\" data-id=\"6d5df59\" data-element_type=\"container\" data-settings=\"{&quot;jet_parallax_layout_list&quot;:[]}\">\n\t\t\t\t<div class=\"elementor-element elementor-element-40de7a2 elementor-widget__width-auto elementor-widget elementor-widget-image\" data-id=\"40de7a2\" data-element_type=\"widget\" data-widget_type=\"image.default\">\n\t\t\t\t<div class=\"elementor-widget-container\">\n\t\t\t\t\t\t\t\t\t\t\t\t\t\t\t\t<a href=\"https:\/\/apps.apple.com\/app\/ulink-money-transfer\/id964443352?l=en-US\" target=\"_blank\">\n\t\t\t\t\t\t\t<img fetchpriority=\"high\" decoding=\"async\" width=\"564\" height=\"188\" src=\"https:\/\/ulinkcard.com\/wp-content\/uploads\/2025\/05\/appstore-badge_es.png\" class=\"attachment-full size-full wp-image-389\" alt=\"appstore badge es\" srcset=\"https:\/\/ulinkcard.com\/wp-content\/uploads\/2025\/05\/appstore-badge_es.png 564w, https:\/\/ulinkcard.com\/wp-content\/uploads\/2025\/05\/appstore-badge_es-300x100.png 300w\" sizes=\"(max-width: 564px) 100vw, 564px\" \/>\t\t\t\t\t\t\t\t<\/a>\n\t\t\t\t\t\t\t\t\t\t\t\t\t\t\t<\/div>\n\t\t\t\t<\/div>\n\t\t\t\t<div class=\"elementor-element elementor-element-38268a9 elementor-widget__width-auto elementor-widget elementor-widget-image\" data-id=\"38268a9\" data-element_type=\"widget\" data-widget_type=\"image.default\">\n\t\t\t\t<div class=\"elementor-widget-container\">\n\t\t\t\t\t\t\t\t\t\t\t\t\t\t\t\t<a href=\"https:\/\/play.google.com\/store\/apps\/details?id=com.app.uniteller\" target=\"_blank\">\n\t\t\t\t\t\t\t<img decoding=\"async\" width=\"270\" height=\"80\" src=\"https:\/\/ulinkcard.com\/wp-content\/uploads\/2025\/05\/GetItOnGooglePlay_Badge_Web_color_Spanish-LATAM.png\" class=\"attachment-full size-full wp-image-388\" alt=\"GetItOnGooglePlay Badge Web color Spanish LATAM\" \/>\t\t\t\t\t\t\t\t<\/a>\n\t\t\t\t\t\t\t\t\t\t\t\t\t\t\t<\/div>\n\t\t\t\t<\/div>\n\t\t\t\t<\/div>\n\t\t\t\t<div class=\"elementor-element elementor-element-0129b09 elementor-widget elementor-widget-text-editor\" data-id=\"0129b09\" data-element_type=\"widget\" data-widget_type=\"text-editor.default\">\n\t\t\t\t<div class=\"elementor-widget-container\">\n\t\t\t\t\t\t\t\t\t<p>Obt\u00e9n m\u00e1s informaci\u00f3n en <span style=\"text-decoration: underline;\"><a href=\"https:\/\/ulinkcard.com\/es\">ulinkcard.com<\/a><\/span><\/p>\t\t\t\t\t\t\t\t<\/div>\n\t\t\t\t<\/div>\n\t\t\t\t<\/div>\n\t\t<div class=\"elementor-element elementor-element-c1dfa2c e-con-full e-flex e-con e-child\" data-id=\"c1dfa2c\" data-element_type=\"container\" data-settings=\"{&quot;jet_parallax_layout_list&quot;:[]}\">\n\t\t\t\t<div class=\"elementor-element elementor-element-4d17ca0 elementor-hidden-desktop elementor-hidden-tablet elementor-hidden-laptop elementor-widget elementor-widget-image\" data-id=\"4d17ca0\" data-element_type=\"widget\" data-widget_type=\"image.default\">\n\t\t\t\t<div class=\"elementor-widget-container\">\n\t\t\t\t\t\t\t\t\t\t\t\t\t\t\t<img decoding=\"async\" width=\"1148\" height=\"1620\" src=\"https:\/\/ulinkcard.com\/wp-content\/uploads\/2025\/12\/Mockup-app-scaled-1-e1765840035376.png\" class=\"attachment-full size-full wp-image-453\" alt=\"Mockup app scaled\" srcset=\"https:\/\/ulinkcard.com\/wp-content\/uploads\/2025\/12\/Mockup-app-scaled-1-e1765840035376.png 1148w, https:\/\/ulinkcard.com\/wp-content\/uploads\/2025\/12\/Mockup-app-scaled-1-e1765840035376-213x300.png 213w, https:\/\/ulinkcard.com\/wp-content\/uploads\/2025\/12\/Mockup-app-scaled-1-e1765840035376-726x1024.png 726w, https:\/\/ulinkcard.com\/wp-content\/uploads\/2025\/12\/Mockup-app-scaled-1-e1765840035376-768x1084.png 768w, https:\/\/ulinkcard.com\/wp-content\/uploads\/2025\/12\/Mockup-app-scaled-1-e1765840035376-1088x1536.png 1088w\" sizes=\"(max-width: 1148px) 100vw, 1148px\" \/>\t\t\t\t\t\t\t\t\t\t\t\t\t\t\t<\/div>\n\t\t\t\t<\/div>\n\t\t\t\t<div class=\"elementor-element elementor-element-b67565c elementor-hidden-mobile elementor-widget elementor-widget-image\" data-id=\"b67565c\" data-element_type=\"widget\" data-settings=\"{&quot;motion_fx_motion_fx_mouse&quot;:&quot;yes&quot;,&quot;motion_fx_mouseTrack_effect&quot;:&quot;yes&quot;,&quot;motion_fx_tilt_effect&quot;:&quot;yes&quot;,&quot;motion_fx_tilt_speed&quot;:{&quot;unit&quot;:&quot;px&quot;,&quot;size&quot;:5,&quot;sizes&quot;:[]},&quot;motion_fx_mouseTrack_speed&quot;:{&quot;unit&quot;:&quot;px&quot;,&quot;size&quot;:1,&quot;sizes&quot;:[]}}\" data-widget_type=\"image.default\">\n\t\t\t\t<div class=\"elementor-widget-container\">\n\t\t\t\t\t\t\t\t\t\t\t\t\t\t\t<img loading=\"lazy\" decoding=\"async\" width=\"1537\" height=\"2560\" src=\"https:\/\/ulinkcard.com\/wp-content\/uploads\/2025\/10\/Mockup-app-scaled.png\" class=\"attachment-full size-full wp-image-269\" alt=\"Mockup app scaled\" srcset=\"https:\/\/ulinkcard.com\/wp-content\/uploads\/2025\/10\/Mockup-app-scaled.png 1537w, https:\/\/ulinkcard.com\/wp-content\/uploads\/2025\/10\/Mockup-app-180x300.png 180w, https:\/\/ulinkcard.com\/wp-content\/uploads\/2025\/10\/Mockup-app-615x1024.png 615w, https:\/\/ulinkcard.com\/wp-content\/uploads\/2025\/10\/Mockup-app-768x1279.png 768w, https:\/\/ulinkcard.com\/wp-content\/uploads\/2025\/10\/Mockup-app-922x1536.png 922w, https:\/\/ulinkcard.com\/wp-content\/uploads\/2025\/10\/Mockup-app-1230x2048.png 1230w\" sizes=\"(max-width: 1537px) 100vw, 1537px\" \/>\t\t\t\t\t\t\t\t\t\t\t\t\t\t\t<\/div>\n\t\t\t\t<\/div>\n\t\t\t\t<\/div>\n\t\t\t\t\t<\/div>\n\t\t\t\t<\/div>\n\t\t\t\t<\/div>\n\t\t","protected":false},"excerpt":{"rendered":"<p>Descarga la uLink SuperApp para: \u2022 Administra tu uLink Card \u2022 Agrega fondos \u2022 Consulta tu historial de transacciones \u2022 Ahorra en env\u00edos de dinero &#8230;y mucho m\u00e1s Obt\u00e9n m\u00e1s informaci\u00f3n en ulinkcard.com<\/p>\n","protected":false},"author":2,"featured_media":0,"parent":0,"menu_order":0,"comment_status":"closed","ping_status":"closed","template":"elementor_header_footer","meta":{"om_disable_all_campaigns":false,"_monsterinsights_skip_tracking":false,"_monsterinsights_sitenote_active":false,"_monsterinsights_sitenote_note":"","_monsterinsights_sitenote_category":0,"footnotes":""},"class_list":["post-415","page","type-page","status-publish","hentry"],"aioseo_notices":[],"_links":{"self":[{"href":"https:\/\/ulinkcard.com\/es\/wp-json\/wp\/v2\/pages\/415","targetHints":{"allow":["GET"]}}],"collection":[{"href":"https:\/\/ulinkcard.com\/es\/wp-json\/wp\/v2\/pages"}],"about":[{"href":"https:\/\/ulinkcard.com\/es\/wp-json\/wp\/v2\/types\/page"}],"author":[{"embeddable":true,"href":"https:\/\/ulinkcard.com\/es\/wp-json\/wp\/v2\/users\/2"}],"replies":[{"embeddable":true,"href":"https:\/\/ulinkcard.com\/es\/wp-json\/wp\/v2\/comments?post=415"}],"version-history":[{"count":0,"href":"https:\/\/ulinkcard.com\/es\/wp-json\/wp\/v2\/pages\/415\/revisions"}],"wp:attachment":[{"href":"https:\/\/ulinkcard.com\/es\/wp-json\/wp\/v2\/media?parent=415"}],"curies":[{"name":"wp","href":"https:\/\/api.w.org\/{rel}","templated":true}]}}